{"id":19,"date":"2022-11-05T00:22:06","date_gmt":"2022-11-05T00:22:06","guid":{"rendered":"https:\/\/www.legendariosnebraska.org\/?page_id=19"},"modified":"2022-11-17T04:37:16","modified_gmt":"2022-11-17T04:37:16","slug":"nosotros","status":"publish","type":"page","link":"https:\/\/www.legendariosnebraska.org\/en\/nosotros\/","title":{"rendered":"Who we are"},"content":{"rendered":"<div data-elementor-type=\"wp-page\" data-elementor-id=\"19\" class=\"elementor elementor-19\">\n\t\t\t\t\t\t<section class=\"elementor-section elementor-top-section elementor-element elementor-element-c621ab6 elementor-section-height-min-height elementor-section-stretched elementor-section-boxed elementor-section-height-default elementor-section-items-middle wpr-particle-no wpr-jarallax-no wpr-parallax-no wpr-sticky-section-no\" data-id=\"c621ab6\" data-element_type=\"section\" data-settings=\"{&quot;stretch_section&quot;:&quot;section-stretched&quot;,&quot;background_background&quot;:&quot;classic&quot;,&quot;shape_divider_bottom&quot;:&quot;mountains&quot;}\">\n\t\t\t\t\t<div class=\"elementor-shape elementor-shape-bottom\" aria-hidden=\"true\" data-negative=\"false\">\n\t\t\t<svg xmlns=\"http:\/\/www.w3.org\/2000\/svg\" viewbox=\"0 0 1000 100\" preserveaspectratio=\"none\">\n\t<path class=\"elementor-shape-fill\" opacity=\"0.33\" d=\"M473,67.3c-203.9,88.3-263.1-34-320.3,0C66,119.1,0,59.7,0,59.7V0h1000v59.7 c0,0-62.1,26.1-94.9,29.3c-32.8,3.3-62.8-12.3-75.8-22.1C806,49.6,745.3,8.7,694.9,4.7S492.4,59,473,67.3z\"\/>\n\t<path class=\"elementor-shape-fill\" opacity=\"0.66\" d=\"M734,67.3c-45.5,0-77.2-23.2-129.1-39.1c-28.6-8.7-150.3-10.1-254,39.1 s-91.7-34.4-149.2,0C115.7,118.3,0,39.8,0,39.8V0h1000v36.5c0,0-28.2-18.5-92.1-18.5C810.2,18.1,775.7,67.3,734,67.3z\"\/>\n\t<path class=\"elementor-shape-fill\" d=\"M766.1,28.9c-200-57.5-266,65.5-395.1,19.5C242,1.8,242,5.4,184.8,20.6C128,35.8,132.3,44.9,89.9,52.5C28.6,63.7,0,0,0,0 h1000c0,0-9.9,40.9-83.6,48.1S829.6,47,766.1,28.9z\"\/>\n<\/svg>\t\t<\/div>\n\t\t\t\t\t<div class=\"elementor-container elementor-column-gap-default\">\n\t\t\t\t\t<div class=\"elementor-column elementor-col-100 elementor-top-column elementor-element elementor-element-22280f9\" data-id=\"22280f9\" data-element_type=\"column\">\n\t\t\t<div class=\"elementor-widget-wrap\">\n\t\t\t\t\t\t\t<\/div>\n\t\t<\/div>\n\t\t\t\t\t<\/div>\n\t\t<\/section>\n\t\t\t\t<section class=\"elementor-section elementor-top-section elementor-element elementor-element-36c65db elementor-section-stretched elementor-section-boxed elementor-section-height-default elementor-section-height-default wpr-particle-no wpr-jarallax-no wpr-parallax-no wpr-sticky-section-no\" data-id=\"36c65db\" data-element_type=\"section\" data-settings=\"{&quot;stretch_section&quot;:&quot;section-stretched&quot;,&quot;background_background&quot;:&quot;classic&quot;}\">\n\t\t\t\t\t\t<div class=\"elementor-container elementor-column-gap-default\">\n\t\t\t\t\t<div class=\"elementor-column elementor-col-100 elementor-top-column elementor-element elementor-element-e64612f\" data-id=\"e64612f\" data-element_type=\"column\">\n\t\t\t<div class=\"elementor-widget-wrap elementor-element-populated\">\n\t\t\t\t\t\t<div class=\"elementor-element elementor-element-411d43e elementor-widget elementor-widget-spacer\" data-id=\"411d43e\" data-element_type=\"widget\" data-widget_type=\"spacer.default\">\n\t\t\t\t<div class=\"elementor-widget-container\">\n\t\t\t\t\t\t\t<div class=\"elementor-spacer\">\n\t\t\t<div class=\"elementor-spacer-inner\"><\/div>\n\t\t<\/div>\n\t\t\t\t\t\t<\/div>\n\t\t\t\t<\/div>\n\t\t\t\t<div class=\"elementor-element elementor-element-9091e0a elementor-widget elementor-widget-heading\" data-id=\"9091e0a\" data-element_type=\"widget\" data-widget_type=\"heading.default\">\n\t\t\t\t<div class=\"elementor-widget-container\">\n\t\t\t\t\t<h2 class=\"elementor-heading-title elementor-size-default\">LEGENDARIOS is a movement that seeks the complete transformation of men, families and communities through experiences that lead men to find the best version of themselves and their new potential. We stand by the following statement: \u201cBringing back the hunting hero to your family\u201d. A statement that we have as LEGENDARIOS that has led to the formation of men unshakable before sin but broken before God.<\/h2>\t\t\t\t<\/div>\n\t\t\t\t<\/div>\n\t\t\t\t<div class=\"elementor-element elementor-element-7801de2 elementor-widget elementor-widget-spacer\" data-id=\"7801de2\" data-element_type=\"widget\" data-widget_type=\"spacer.default\">\n\t\t\t\t<div class=\"elementor-widget-container\">\n\t\t\t\t\t\t\t<div class=\"elementor-spacer\">\n\t\t\t<div class=\"elementor-spacer-inner\"><\/div>\n\t\t<\/div>\n\t\t\t\t\t\t<\/div>\n\t\t\t\t<\/div>\n\t\t\t\t\t<\/div>\n\t\t<\/div>\n\t\t\t\t\t<\/div>\n\t\t<\/section>\n\t\t\t\t<section class=\"elementor-section elementor-top-section elementor-element elementor-element-fa0823f elementor-section-stretched elementor-section-boxed elementor-section-height-default elementor-section-height-default wpr-particle-no wpr-jarallax-no wpr-parallax-no wpr-sticky-section-no\" data-id=\"fa0823f\" data-element_type=\"section\" data-settings=\"{&quot;stretch_section&quot;:&quot;section-stretched&quot;}\">\n\t\t\t\t\t\t<div class=\"elementor-container elementor-column-gap-default\">\n\t\t\t\t\t<div class=\"elementor-column elementor-col-100 elementor-top-column elementor-element elementor-element-32da20a\" data-id=\"32da20a\" data-element_type=\"column\">\n\t\t\t<div class=\"elementor-widget-wrap elementor-element-populated\">\n\t\t\t\t\t\t<div class=\"elementor-element elementor-element-fdc4f82 eael-dual-header-content-align-center elementor-widget elementor-widget-eael-dual-color-header\" data-id=\"fdc4f82\" data-element_type=\"widget\" data-widget_type=\"eael-dual-color-header.default\">\n\t\t\t\t<div class=\"elementor-widget-container\">\n\t\t\t\t\t\t\t\t<div class=\"eael-dual-header\">\n\t\t\t\t<h2 class=\"title eael-dch-title\"><span class=\"eael-dch-title-text eael-dch-title-lead lead solid-color\">\u00bfPOR QU\u00c9 LOS<\/span> <span class=\"eael-dch-title-text\">HOMBRES?<\/span><\/h2>\t\t\t<\/div>\n\n\t\t\t\t\t\t<\/div>\n\t\t\t\t<\/div>\n\t\t\t\t<div class=\"elementor-element elementor-element-82a6b72 elementor-widget elementor-widget-text-editor\" data-id=\"82a6b72\" data-element_type=\"widget\" data-widget_type=\"text-editor.default\">\n\t\t\t\t<div class=\"elementor-widget-container\">\n\t\t\t\t\t\t\t\t\t<p>One of the main objectives is to generate the most impact on societies and families. Did you know that if the man is impacted, 92% of families change and will remain within the change?<\/p><p>For years, there has been a growing number of discontentment within Christian men. This discontentment came from Christian men holding passive attitudes. Men have been seeing and made aware that women in the church lead areas of intercession, specialized events and most of the initiatives come from them; women were assuming responsibilities and roles that have been biblically assigned to men. Because of this realization, the prayer of LEGENDARIOS has been that God equips us with the words and actions to activate men, challenge them and awaken the configuration that God has placed within them as Christian men.<\/p><p>LEGENDARIOS has been the response to that nonconformity. Today, we see how men are being transformed, taken to their highest level of potential and challenged to conquer every challenge in life and fight correctly for those things that God has given us. We begin by designing the challenges and tracks, where men are transformed by challenging them to spend four days looking for God in a natural environment and without any traditional intervention that distracts such valuable time to reflect, learn and determine the changes they must make to come out victorious in their battles.<\/p>\t\t\t\t\t\t\t\t<\/div>\n\t\t\t\t<\/div>\n\t\t\t\t\t<\/div>\n\t\t<\/div>\n\t\t\t\t\t<\/div>\n\t\t<\/section>\n\t\t\t\t<\/div>","protected":false},"excerpt":{"rendered":"<p>Legendarios un movimiento que busca la transformaci\u00f3n de los hombres, familias y comunidades atraves de experiencias que llev\u00e1n a los hombres encontrar la mejor versi\u00f3n de si mismos y su nuevo potencial. Devolver el h\u00e9roe cazador a cada familia, un statement que tenemos como legendarios que ha llevado a formar hombres inquebrantables ante el pecado pero quebrantados delante de Dios. \u00bfPOR QU\u00c9 LOS HOMBRES? Porque uno de los objetivos es generar un impacto en las sociedades y las familias. Sabias que si se impacta al hombre el 92% de las familias cambia y permanece en el cambio. Durante a\u00f1os ha crecido una inconformidad en ver a los hombres cristianos con una actitud pasiva, ver que las mujeres en la iglesia lideran \u00e1reas de intercesi\u00f3n, eventos especializados y la mayor\u00eda de la iniciativas vienen de ellas; ver que las mujeres estaban asumiendo responsabilidades y roles que b\u00edblicamente han sido destinadas a los hombres; nuestra oraci\u00f3n ha sido que Dios nos equipara de palabra y acciones para activar a los hombres, desafiarlos y despertar en ellos la configuraci\u00f3n que Dios ha puesto como hombres cristianos. Legendarios ha sido respuesta a esa inconformidad, hoy vemos como hombres son transformados, llevados a su nivel m\u00e1s alto de potencial y desafiados para conquistar cada reto en la vida y pelear de forma correcta por aquellas cosas que Dios nos ha dado. Iniciamos dise\u00f1ando el retos y tracks, donde los hombres son transformados a trav\u00e9s de desafiarlos a pasar 4 d\u00edas buscando a Dios en un entorno natural y sin ninguna intervenci\u00f3n tradicional que distraiga tan valioso tiempo para reflexionar, aprender y determinar los cambios que debemos hacer para salir victoriosos de nuestras batallas.<\/p>","protected":false},"author":1,"featured_media":0,"parent":0,"menu_order":0,"comment_status":"closed","ping_status":"closed","template":"","meta":{"ocean_post_layout":"","ocean_both_sidebars_style":"","ocean_both_sidebars_content_width":0,"ocean_both_sidebars_sidebars_width":0,"ocean_sidebar":"0","ocean_second_sidebar":"0","ocean_disable_margins":"on","ocean_add_body_class":"","ocean_shortcode_before_top_bar":"","ocean_shortcode_after_top_bar":"","ocean_shortcode_before_header":"","ocean_shortcode_after_header":"","ocean_has_shortcode":"","ocean_shortcode_after_title":"","ocean_shortcode_before_footer_widgets":"","ocean_shortcode_after_footer_widgets":"","ocean_shortcode_before_footer_bottom":"","ocean_shortcode_after_footer_bottom":"","ocean_display_top_bar":"default","ocean_display_header":"default","ocean_header_style":"","ocean_center_header_left_menu":"0","ocean_custom_header_template":"0","ocean_custom_logo":0,"ocean_custom_retina_logo":0,"ocean_custom_logo_max_width":0,"ocean_custom_logo_tablet_max_width":0,"ocean_custom_logo_mobile_max_width":0,"ocean_custom_logo_max_height":0,"ocean_custom_logo_tablet_max_height":0,"ocean_custom_logo_mobile_max_height":0,"ocean_header_custom_menu":"0","ocean_menu_typo_font_family":"0","ocean_menu_typo_font_subset":"","ocean_menu_typo_font_size":0,"ocean_menu_typo_font_size_tablet":0,"ocean_menu_typo_font_size_mobile":0,"ocean_menu_typo_font_size_unit":"px","ocean_menu_typo_font_weight":"","ocean_menu_typo_font_weight_tablet":"","ocean_menu_typo_font_weight_mobile":"","ocean_menu_typo_transform":"","ocean_menu_typo_transform_tablet":"","ocean_menu_typo_transform_mobile":"","ocean_menu_typo_line_height":0,"ocean_menu_typo_line_height_tablet":0,"ocean_menu_typo_line_height_mobile":0,"ocean_menu_typo_line_height_unit":"","ocean_menu_typo_spacing":0,"ocean_menu_typo_spacing_tablet":0,"ocean_menu_typo_spacing_mobile":0,"ocean_menu_typo_spacing_unit":"","ocean_menu_link_color":"","ocean_menu_link_color_hover":"","ocean_menu_link_color_active":"","ocean_menu_link_background":"","ocean_menu_link_hover_background":"","ocean_menu_link_active_background":"","ocean_menu_social_links_bg":"","ocean_menu_social_hover_links_bg":"","ocean_menu_social_links_color":"","ocean_menu_social_hover_links_color":"","ocean_disable_title":"default","ocean_disable_heading":"default","ocean_post_title":"","ocean_post_subheading":"","ocean_post_title_style":"","ocean_post_title_background_color":"","ocean_post_title_background":0,"ocean_post_title_bg_image_position":"","ocean_post_title_bg_image_attachment":"","ocean_post_title_bg_image_repeat":"","ocean_post_title_bg_image_size":"","ocean_post_title_height":0,"ocean_post_title_bg_overlay":0.5,"ocean_post_title_bg_overlay_color":"","ocean_disable_breadcrumbs":"default","ocean_breadcrumbs_color":"","ocean_breadcrumbs_separator_color":"","ocean_breadcrumbs_links_color":"","ocean_breadcrumbs_links_hover_color":"","ocean_display_footer_widgets":"default","ocean_display_footer_bottom":"default","ocean_custom_footer_template":"0","footnotes":""},"class_list":["post-19","page","type-page","status-publish","hentry","entry"],"yoast_head":"<!-- This site is optimized with the Yoast SEO plugin v25.9 - https:\/\/yoast.com\/wordpress\/plugins\/seo\/ -->\n<title>Nosotros - Legendarios Nebraska<\/title>\n<meta name=\"robots\" content=\"index, follow, max-snippet:-1, max-image-preview:large, max-video-preview:-1\" \/>\n<link rel=\"canonical\" href=\"https:\/\/www.legendariosnebraska.org\/en\/nosotros\/\" \/>\n<meta property=\"og:locale\" content=\"en_US\" \/>\n<meta property=\"og:type\" content=\"article\" \/>\n<meta property=\"og:title\" content=\"Nosotros - Legendarios Nebraska\" \/>\n<meta property=\"og:description\" content=\"Legendarios un movimiento que busca la transformaci\u00f3n de los hombres, familias y comunidades atraves de experiencias que llev\u00e1n a los hombres encontrar la mejor versi\u00f3n de si mismos y su nuevo potencial. Devolver el h\u00e9roe cazador a cada familia, un statement que tenemos como legendarios que ha llevado a formar hombres inquebrantables ante el pecado pero quebrantados delante de Dios. \u00bfPOR QU\u00c9 LOS HOMBRES? Porque uno de los objetivos es generar un impacto en las sociedades y las familias. Sabias que si se impacta al hombre el 92% de las familias cambia y permanece en el cambio. Durante a\u00f1os ha crecido una inconformidad en ver a los hombres cristianos con una actitud pasiva, ver que las mujeres en la iglesia lideran \u00e1reas de intercesi\u00f3n, eventos especializados y la mayor\u00eda de la iniciativas vienen de ellas; ver que las mujeres estaban asumiendo responsabilidades y roles que b\u00edblicamente han sido destinadas a los hombres; nuestra oraci\u00f3n ha sido que Dios nos equipara de palabra y acciones para activar a los hombres, desafiarlos y despertar en ellos la configuraci\u00f3n que Dios ha puesto como hombres cristianos. Legendarios ha sido respuesta a esa inconformidad, hoy vemos como hombres son transformados, llevados a su nivel m\u00e1s alto de potencial y desafiados para conquistar cada reto en la vida y pelear de forma correcta por aquellas cosas que Dios nos ha dado. Iniciamos dise\u00f1ando el retos y tracks, donde los hombres son transformados a trav\u00e9s de desafiarlos a pasar 4 d\u00edas buscando a Dios en un entorno natural y sin ninguna intervenci\u00f3n tradicional que distraiga tan valioso tiempo para reflexionar, aprender y determinar los cambios que debemos hacer para salir victoriosos de nuestras batallas.\" \/>\n<meta property=\"og:url\" content=\"https:\/\/www.legendariosnebraska.org\/en\/nosotros\/\" \/>\n<meta property=\"og:site_name\" content=\"Legendarios Nebraska\" \/>\n<meta property=\"article:modified_time\" content=\"2022-11-17T04:37:16+00:00\" \/>\n<meta name=\"twitter:card\" content=\"summary_large_image\" \/>\n<meta name=\"twitter:label1\" content=\"Est. reading time\" \/>\n\t<meta name=\"twitter:data1\" content=\"1 minute\" \/>\n<script type=\"application\/ld+json\" class=\"yoast-schema-graph\">{\"@context\":\"https:\/\/schema.org\",\"@graph\":[{\"@type\":\"WebPage\",\"@id\":\"https:\/\/www.legendariosnebraska.org\/nosotros\/\",\"url\":\"https:\/\/www.legendariosnebraska.org\/nosotros\/\",\"name\":\"Nosotros - Legendarios Nebraska\",\"isPartOf\":{\"@id\":\"https:\/\/www.legendariosnebraska.org\/#website\"},\"datePublished\":\"2022-11-05T00:22:06+00:00\",\"dateModified\":\"2022-11-17T04:37:16+00:00\",\"breadcrumb\":{\"@id\":\"https:\/\/www.legendariosnebraska.org\/nosotros\/#breadcrumb\"},\"inLanguage\":\"en-US\",\"potentialAction\":[{\"@type\":\"ReadAction\",\"target\":[\"https:\/\/www.legendariosnebraska.org\/nosotros\/\"]}]},{\"@type\":\"BreadcrumbList\",\"@id\":\"https:\/\/www.legendariosnebraska.org\/nosotros\/#breadcrumb\",\"itemListElement\":[{\"@type\":\"ListItem\",\"position\":1,\"name\":\"Portada\",\"item\":\"https:\/\/www.legendariosnebraska.org\/\"},{\"@type\":\"ListItem\",\"position\":2,\"name\":\"Nosotros\"}]},{\"@type\":\"WebSite\",\"@id\":\"https:\/\/www.legendariosnebraska.org\/#website\",\"url\":\"https:\/\/www.legendariosnebraska.org\/\",\"name\":\"Legendarios Nebraska\",\"description\":\"Track Outdoor de Potencial - Nebraska\",\"potentialAction\":[{\"@type\":\"SearchAction\",\"target\":{\"@type\":\"EntryPoint\",\"urlTemplate\":\"https:\/\/www.legendariosnebraska.org\/?s={search_term_string}\"},\"query-input\":{\"@type\":\"PropertyValueSpecification\",\"valueRequired\":true,\"valueName\":\"search_term_string\"}}],\"inLanguage\":\"en-US\"}]}<\/script>\n<!-- \/ Yoast SEO plugin. -->","yoast_head_json":{"title":"Nosotros - Legendarios Nebraska","robots":{"index":"index","follow":"follow","max-snippet":"max-snippet:-1","max-image-preview":"max-image-preview:large","max-video-preview":"max-video-preview:-1"},"canonical":"https:\/\/www.legendariosnebraska.org\/en\/nosotros\/","og_locale":"en_US","og_type":"article","og_title":"Nosotros - Legendarios Nebraska","og_description":"Legendarios un movimiento que busca la transformaci\u00f3n de los hombres, familias y comunidades atraves de experiencias que llev\u00e1n a los hombres encontrar la mejor versi\u00f3n de si mismos y su nuevo potencial. Devolver el h\u00e9roe cazador a cada familia, un statement que tenemos como legendarios que ha llevado a formar hombres inquebrantables ante el pecado pero quebrantados delante de Dios. \u00bfPOR QU\u00c9 LOS HOMBRES? Porque uno de los objetivos es generar un impacto en las sociedades y las familias. Sabias que si se impacta al hombre el 92% de las familias cambia y permanece en el cambio. Durante a\u00f1os ha crecido una inconformidad en ver a los hombres cristianos con una actitud pasiva, ver que las mujeres en la iglesia lideran \u00e1reas de intercesi\u00f3n, eventos especializados y la mayor\u00eda de la iniciativas vienen de ellas; ver que las mujeres estaban asumiendo responsabilidades y roles que b\u00edblicamente han sido destinadas a los hombres; nuestra oraci\u00f3n ha sido que Dios nos equipara de palabra y acciones para activar a los hombres, desafiarlos y despertar en ellos la configuraci\u00f3n que Dios ha puesto como hombres cristianos. Legendarios ha sido respuesta a esa inconformidad, hoy vemos como hombres son transformados, llevados a su nivel m\u00e1s alto de potencial y desafiados para conquistar cada reto en la vida y pelear de forma correcta por aquellas cosas que Dios nos ha dado. Iniciamos dise\u00f1ando el retos y tracks, donde los hombres son transformados a trav\u00e9s de desafiarlos a pasar 4 d\u00edas buscando a Dios en un entorno natural y sin ninguna intervenci\u00f3n tradicional que distraiga tan valioso tiempo para reflexionar, aprender y determinar los cambios que debemos hacer para salir victoriosos de nuestras batallas.","og_url":"https:\/\/www.legendariosnebraska.org\/en\/nosotros\/","og_site_name":"Legendarios Nebraska","article_modified_time":"2022-11-17T04:37:16+00:00","twitter_card":"summary_large_image","twitter_misc":{"Est. reading time":"1 minute"},"schema":{"@context":"https:\/\/schema.org","@graph":[{"@type":"WebPage","@id":"https:\/\/www.legendariosnebraska.org\/nosotros\/","url":"https:\/\/www.legendariosnebraska.org\/nosotros\/","name":"Nosotros - Legendarios Nebraska","isPartOf":{"@id":"https:\/\/www.legendariosnebraska.org\/#website"},"datePublished":"2022-11-05T00:22:06+00:00","dateModified":"2022-11-17T04:37:16+00:00","breadcrumb":{"@id":"https:\/\/www.legendariosnebraska.org\/nosotros\/#breadcrumb"},"inLanguage":"en-US","potentialAction":[{"@type":"ReadAction","target":["https:\/\/www.legendariosnebraska.org\/nosotros\/"]}]},{"@type":"BreadcrumbList","@id":"https:\/\/www.legendariosnebraska.org\/nosotros\/#breadcrumb","itemListElement":[{"@type":"ListItem","position":1,"name":"Portada","item":"https:\/\/www.legendariosnebraska.org\/"},{"@type":"ListItem","position":2,"name":"Nosotros"}]},{"@type":"WebSite","@id":"https:\/\/www.legendariosnebraska.org\/#website","url":"https:\/\/www.legendariosnebraska.org\/","name":"Legendarios Nebraska","description":"Track Outdoor de Potencial - Nebraska","potentialAction":[{"@type":"SearchAction","target":{"@type":"EntryPoint","urlTemplate":"https:\/\/www.legendariosnebraska.org\/?s={search_term_string}"},"query-input":{"@type":"PropertyValueSpecification","valueRequired":true,"valueName":"search_term_string"}}],"inLanguage":"en-US"}]}},"_links":{"self":[{"href":"https:\/\/www.legendariosnebraska.org\/en\/wp-json\/wp\/v2\/pages\/19","targetHints":{"allow":["GET"]}}],"collection":[{"href":"https:\/\/www.legendariosnebraska.org\/en\/wp-json\/wp\/v2\/pages"}],"about":[{"href":"https:\/\/www.legendariosnebraska.org\/en\/wp-json\/wp\/v2\/types\/page"}],"author":[{"embeddable":true,"href":"https:\/\/www.legendariosnebraska.org\/en\/wp-json\/wp\/v2\/users\/1"}],"replies":[{"embeddable":true,"href":"https:\/\/www.legendariosnebraska.org\/en\/wp-json\/wp\/v2\/comments?post=19"}],"version-history":[{"count":10,"href":"https:\/\/www.legendariosnebraska.org\/en\/wp-json\/wp\/v2\/pages\/19\/revisions"}],"predecessor-version":[{"id":175,"href":"https:\/\/www.legendariosnebraska.org\/en\/wp-json\/wp\/v2\/pages\/19\/revisions\/175"}],"wp:attachment":[{"href":"https:\/\/www.legendariosnebraska.org\/en\/wp-json\/wp\/v2\/media?parent=19"}],"curies":[{"name":"wp","href":"https:\/\/api.w.org\/{rel}","templated":true}]}}